{"id":1306,"date":"2024-07-08T15:42:20","date_gmt":"2024-07-08T12:42:20","guid":{"rendered":"https:\/\/finoditax.com\/wynajem-ciagnikow\/"},"modified":"2025-01-23T12:29:43","modified_gmt":"2025-01-23T09:29:43","slug":"truck-rental","status":"publish","type":"page","link":"https:\/\/finoditax.com\/pl\/services\/transport-companies\/truck-rental\/","title":{"rendered":"Wynajem ci\u0105gnik\u00f3w w Polsce"},"content":{"rendered":"","protected":false},"excerpt":{"rendered":"","protected":false},"author":16,"featured_media":2643,"parent":1350,"menu_order":5,"comment_status":"closed","ping_status":"closed","template":"","meta":{"footnotes":""},"class_list":["post-1306","page","type-page","status-publish","has-post-thumbnail","hentry"],"yoast_head":"<!-- This site is optimized with the Yoast SEO Premium plugin v26.0 (Yoast SEO v27.3) - https:\/\/yoast.com\/product\/yoast-seo-premium-wordpress\/ -->\n<title>Wynajmij ci\u0105gnik siod\u0142owy (ci\u0119\u017carowy) z prawem kupna w Polsce<\/title>\n<meta name=\"description\" content=\"Wynajem ci\u0105gnik\u00f3w siod\u0142owych i naczep z prawem do zakupu w Polsce \u27a4 Finoditax \u2714\ufe0f Szybki wynajem \u27a5 Zadzwo\u0144 +48 511 834 71\" \/>\n<meta name=\"robots\" content=\"index, follow, max-snippet:-1, max-image-preview:large, max-video-preview:-1\" \/>\n<link rel=\"canonical\" href=\"https:\/\/finoditax.com\/pl\/services\/transport-companies\/truck-rental\/\" \/>\n<meta property=\"og:locale\" content=\"pl_PL\" \/>\n<meta property=\"og:type\" content=\"article\" \/>\n<meta property=\"og:title\" content=\"Wynajmij ci\u0105gnik z prawem kupna w Polsce | Wynajem naczep\" \/>\n<meta property=\"og:description\" content=\"Wynajem ci\u0105gnik\u00f3w siod\u0142owych i naczep z prawem do zakupu w Polsce \u27a4 Finoditax \u2714\ufe0f Szybka rejestracja \u2714\ufe0f Nie wymaga wysokich koszt\u00f3w \u2714\ufe0f Szybki wzrost floty transportowej \u27a5 +48 511 834 717\" \/>\n<meta property=\"og:url\" content=\"https:\/\/finoditax.com\/pl\/services\/transport-companies\/truck-rental\/\" \/>\n<meta property=\"og:site_name\" content=\"Finoditax\" \/>\n<meta property=\"article:publisher\" content=\"https:\/\/www.facebook.com\/finoditax\" \/>\n<meta property=\"article:modified_time\" content=\"2025-01-23T09:29:43+00:00\" \/>\n<meta property=\"og:image\" content=\"http:\/\/finoditax.com\/wp-content\/uploads\/2024\/06\/DAF-XG-White.webp\" \/>\n\t<meta property=\"og:image:width\" content=\"1024\" \/>\n\t<meta property=\"og:image:height\" content=\"1024\" \/>\n\t<meta property=\"og:image:type\" content=\"image\/webp\" \/>\n<meta name=\"twitter:card\" content=\"summary_large_image\" \/>\n<meta name=\"twitter:title\" content=\"Wynajmij ci\u0105gnik z prawem kupna w Polsce | Wynajem naczep\" \/>\n<meta name=\"twitter:description\" content=\"Wynajem ci\u0105gnik\u00f3w siod\u0142owych i naczep z prawem do zakupu w Polsce \u27a4 Finoditax \u2714\ufe0f Szybka rejestracja \u2714\ufe0f Nie wymaga wysokich koszt\u00f3w \u2714\ufe0f Szybki wzrost floty transportowej \u27a5 +48 511 834 717\" \/>\n<script type=\"application\/ld+json\" class=\"yoast-schema-graph\">{\"@context\":\"https:\\\/\\\/schema.org\",\"@graph\":[{\"@type\":\"WebPage\",\"@id\":\"https:\\\/\\\/finoditax.com\\\/pl\\\/services\\\/transport-companies\\\/truck-rental\\\/\",\"url\":\"https:\\\/\\\/finoditax.com\\\/pl\\\/services\\\/transport-companies\\\/truck-rental\\\/\",\"name\":\"Wynajmij ci\u0105gnik siod\u0142owy (ci\u0119\u017carowy) z prawem kupna w Polsce\",\"isPartOf\":{\"@id\":\"https:\\\/\\\/finoditax.com\\\/pl\\\/#website\"},\"primaryImageOfPage\":{\"@id\":\"https:\\\/\\\/finoditax.com\\\/pl\\\/services\\\/transport-companies\\\/truck-rental\\\/#primaryimage\"},\"image\":{\"@id\":\"https:\\\/\\\/finoditax.com\\\/pl\\\/services\\\/transport-companies\\\/truck-rental\\\/#primaryimage\"},\"thumbnailUrl\":\"https:\\\/\\\/finoditax.com\\\/wp-content\\\/uploads\\\/2024\\\/06\\\/DAF-XG-White.webp\",\"datePublished\":\"2024-07-08T12:42:20+00:00\",\"dateModified\":\"2025-01-23T09:29:43+00:00\",\"description\":\"Wynajem ci\u0105gnik\u00f3w siod\u0142owych i naczep z prawem do zakupu w Polsce \u27a4 Finoditax \u2714\ufe0f Szybki wynajem \u27a5 Zadzwo\u0144 +48 511 834 71\",\"breadcrumb\":{\"@id\":\"https:\\\/\\\/finoditax.com\\\/pl\\\/services\\\/transport-companies\\\/truck-rental\\\/#breadcrumb\"},\"inLanguage\":\"pl-PL\",\"potentialAction\":[{\"@type\":\"ReadAction\",\"target\":[\"https:\\\/\\\/finoditax.com\\\/pl\\\/services\\\/transport-companies\\\/truck-rental\\\/\"]}]},{\"@type\":\"ImageObject\",\"inLanguage\":\"pl-PL\",\"@id\":\"https:\\\/\\\/finoditax.com\\\/pl\\\/services\\\/transport-companies\\\/truck-rental\\\/#primaryimage\",\"url\":\"https:\\\/\\\/finoditax.com\\\/wp-content\\\/uploads\\\/2024\\\/06\\\/DAF-XG-White.webp\",\"contentUrl\":\"https:\\\/\\\/finoditax.com\\\/wp-content\\\/uploads\\\/2024\\\/06\\\/DAF-XG-White.webp\",\"width\":1024,\"height\":1024,\"caption\":\"\u0410\u0440\u0435\u043d\u0434\u0430 \u0442\u044f\u0433\u0430\u0447\u0435\u0439 \u0432 \u041f\u043e\u043b\u044c\u0448\u0435. \u0410\u0440\u0435\u043d\u0434\u0430 \u0434\u043b\u044f \u043d\u043e\u0432\u044b\u0445 \u0444\u0438\u0440\u043c\"},{\"@type\":\"BreadcrumbList\",\"@id\":\"https:\\\/\\\/finoditax.com\\\/pl\\\/services\\\/transport-companies\\\/truck-rental\\\/#breadcrumb\",\"itemListElement\":[{\"@type\":\"ListItem\",\"position\":1,\"name\":\"Strona g\u0142\u00f3wna\",\"item\":\"https:\\\/\\\/finoditax.com\\\/pl\\\/\"},{\"@type\":\"ListItem\",\"position\":2,\"name\":\"Us\u0142ugi\",\"item\":\"https:\\\/\\\/finoditax.com\\\/pl\\\/services\\\/\"},{\"@type\":\"ListItem\",\"position\":3,\"name\":\"Dla firm transportowych\",\"item\":\"https:\\\/\\\/finoditax.com\\\/pl\\\/services\\\/transport-companies\\\/\"},{\"@type\":\"ListItem\",\"position\":4,\"name\":\"Wynajmij ci\u0105gnik z prawem kupna w Polsce | Wynajem naczep\"}]},{\"@type\":\"WebSite\",\"@id\":\"https:\\\/\\\/finoditax.com\\\/pl\\\/#website\",\"url\":\"https:\\\/\\\/finoditax.com\\\/pl\\\/\",\"name\":\"Finoditax\",\"description\":\"\u0411\u0443\u0445\u0433\u0430\u043b\u0442\u0435\u0440\u0438\u044f \u0438 \u043d\u0430\u043b\u043e\u0433\u0438 \u0434\u043b\u044f \u0431\u0438\u0437\u043d\u0435\u0441\u0430 \u0432 \u041f\u043e\u043b\u044c\u0448\u0435 | Finoditax\",\"publisher\":{\"@id\":\"https:\\\/\\\/finoditax.com\\\/pl\\\/#organization\"},\"alternateName\":\"Finoditax sp. z o.o\",\"potentialAction\":[{\"@type\":\"SearchAction\",\"target\":{\"@type\":\"EntryPoint\",\"urlTemplate\":\"https:\\\/\\\/finoditax.com\\\/pl\\\/?s={search_term_string}\"},\"query-input\":{\"@type\":\"PropertyValueSpecification\",\"valueRequired\":true,\"valueName\":\"search_term_string\"}}],\"inLanguage\":\"pl-PL\"},{\"@type\":\"Organization\",\"@id\":\"https:\\\/\\\/finoditax.com\\\/pl\\\/#organization\",\"name\":\"Finoditax\",\"alternateName\":\"Finoditax sp. z o.o\",\"url\":\"https:\\\/\\\/finoditax.com\\\/pl\\\/\",\"logo\":{\"@type\":\"ImageObject\",\"inLanguage\":\"pl-PL\",\"@id\":\"https:\\\/\\\/finoditax.com\\\/pl\\\/#\\\/schema\\\/logo\\\/image\\\/\",\"url\":\"http:\\\/\\\/finoditax.com\\\/wp-content\\\/uploads\\\/2024\\\/07\\\/logo.webp\",\"contentUrl\":\"http:\\\/\\\/finoditax.com\\\/wp-content\\\/uploads\\\/2024\\\/07\\\/logo.webp\",\"width\":915,\"height\":914,\"caption\":\"Finoditax\"},\"image\":{\"@id\":\"https:\\\/\\\/finoditax.com\\\/pl\\\/#\\\/schema\\\/logo\\\/image\\\/\"},\"sameAs\":[\"https:\\\/\\\/www.facebook.com\\\/finoditax\",\"https:\\\/\\\/www.instagram.com\\\/finoditax\\\/\",\"https:\\\/\\\/www.linkedin.com\\\/company\\\/finoditax\\\/\"],\"description\":\"Finoditax \u2714\ufe0f pe\u0142ny zakres us\u0142ug dla firm transportowych \u2714 \ufe0f gotowe rozwi\u0105zania i wsparcie ekspert\u00f3w \u27a5 zadzwo\u0144 +48 511 834 717\",\"email\":\"info@finoditax.com\",\"telephone\":\"+48511834717\",\"legalName\":\"FINODITAX Sp. z o.o.\",\"foundingDate\":\"2021-12-18\",\"vatID\":\"NIP 9492250781\",\"taxID\":\"KRS 0000927391\",\"iso6523Code\":\"REGON 520225200\",\"numberOfEmployees\":{\"@type\":\"QuantitativeValue\",\"minValue\":\"51\",\"maxValue\":\"200\"},\"publishingPrinciples\":\"https:\\\/\\\/finoditax.com\\\/privacy-policy\\\/\",\"ownershipFundingInfo\":\"https:\\\/\\\/finoditax.com\\\/privacy-policy\\\/\",\"actionableFeedbackPolicy\":\"https:\\\/\\\/finoditax.com\\\/privacy-policy\\\/\",\"correctionsPolicy\":\"https:\\\/\\\/finoditax.com\\\/privacy-policy\\\/\",\"ethicsPolicy\":\"https:\\\/\\\/finoditax.com\\\/privacy-policy\\\/\",\"diversityPolicy\":\"https:\\\/\\\/finoditax.com\\\/privacy-policy\\\/\",\"diversityStaffingReport\":\"https:\\\/\\\/finoditax.com\\\/privacy-policy\\\/\"}]}<\/script>\n<!-- \/ Yoast SEO Premium plugin. -->","yoast_head_json":{"title":"Wynajmij ci\u0105gnik siod\u0142owy (ci\u0119\u017carowy) z prawem kupna w Polsce","description":"Wynajem ci\u0105gnik\u00f3w siod\u0142owych i naczep z prawem do zakupu w Polsce \u27a4 Finoditax \u2714\ufe0f Szybki wynajem \u27a5 Zadzwo\u0144 +48 511 834 71","robots":{"index":"index","follow":"follow","max-snippet":"max-snippet:-1","max-image-preview":"max-image-preview:large","max-video-preview":"max-video-preview:-1"},"canonical":"https:\/\/finoditax.com\/pl\/services\/transport-companies\/truck-rental\/","og_locale":"pl_PL","og_type":"article","og_title":"Wynajmij ci\u0105gnik z prawem kupna w Polsce | Wynajem naczep","og_description":"Wynajem ci\u0105gnik\u00f3w siod\u0142owych i naczep z prawem do zakupu w Polsce \u27a4 Finoditax \u2714\ufe0f Szybka rejestracja \u2714\ufe0f Nie wymaga wysokich koszt\u00f3w \u2714\ufe0f Szybki wzrost floty transportowej \u27a5 +48 511 834 717","og_url":"https:\/\/finoditax.com\/pl\/services\/transport-companies\/truck-rental\/","og_site_name":"Finoditax","article_publisher":"https:\/\/www.facebook.com\/finoditax","article_modified_time":"2025-01-23T09:29:43+00:00","og_image":[{"width":1024,"height":1024,"url":"http:\/\/finoditax.com\/wp-content\/uploads\/2024\/06\/DAF-XG-White.webp","type":"image\/webp"}],"twitter_card":"summary_large_image","twitter_title":"Wynajmij ci\u0105gnik z prawem kupna w Polsce | Wynajem naczep","twitter_description":"Wynajem ci\u0105gnik\u00f3w siod\u0142owych i naczep z prawem do zakupu w Polsce \u27a4 Finoditax \u2714\ufe0f Szybka rejestracja \u2714\ufe0f Nie wymaga wysokich koszt\u00f3w \u2714\ufe0f Szybki wzrost floty transportowej \u27a5 +48 511 834 717","schema":{"@context":"https:\/\/schema.org","@graph":[{"@type":"WebPage","@id":"https:\/\/finoditax.com\/pl\/services\/transport-companies\/truck-rental\/","url":"https:\/\/finoditax.com\/pl\/services\/transport-companies\/truck-rental\/","name":"Wynajmij ci\u0105gnik siod\u0142owy (ci\u0119\u017carowy) z prawem kupna w Polsce","isPartOf":{"@id":"https:\/\/finoditax.com\/pl\/#website"},"primaryImageOfPage":{"@id":"https:\/\/finoditax.com\/pl\/services\/transport-companies\/truck-rental\/#primaryimage"},"image":{"@id":"https:\/\/finoditax.com\/pl\/services\/transport-companies\/truck-rental\/#primaryimage"},"thumbnailUrl":"https:\/\/finoditax.com\/wp-content\/uploads\/2024\/06\/DAF-XG-White.webp","datePublished":"2024-07-08T12:42:20+00:00","dateModified":"2025-01-23T09:29:43+00:00","description":"Wynajem ci\u0105gnik\u00f3w siod\u0142owych i naczep z prawem do zakupu w Polsce \u27a4 Finoditax \u2714\ufe0f Szybki wynajem \u27a5 Zadzwo\u0144 +48 511 834 71","breadcrumb":{"@id":"https:\/\/finoditax.com\/pl\/services\/transport-companies\/truck-rental\/#breadcrumb"},"inLanguage":"pl-PL","potentialAction":[{"@type":"ReadAction","target":["https:\/\/finoditax.com\/pl\/services\/transport-companies\/truck-rental\/"]}]},{"@type":"ImageObject","inLanguage":"pl-PL","@id":"https:\/\/finoditax.com\/pl\/services\/transport-companies\/truck-rental\/#primaryimage","url":"https:\/\/finoditax.com\/wp-content\/uploads\/2024\/06\/DAF-XG-White.webp","contentUrl":"https:\/\/finoditax.com\/wp-content\/uploads\/2024\/06\/DAF-XG-White.webp","width":1024,"height":1024,"caption":"\u0410\u0440\u0435\u043d\u0434\u0430 \u0442\u044f\u0433\u0430\u0447\u0435\u0439 \u0432 \u041f\u043e\u043b\u044c\u0448\u0435. \u0410\u0440\u0435\u043d\u0434\u0430 \u0434\u043b\u044f \u043d\u043e\u0432\u044b\u0445 \u0444\u0438\u0440\u043c"},{"@type":"BreadcrumbList","@id":"https:\/\/finoditax.com\/pl\/services\/transport-companies\/truck-rental\/#breadcrumb","itemListElement":[{"@type":"ListItem","position":1,"name":"Strona g\u0142\u00f3wna","item":"https:\/\/finoditax.com\/pl\/"},{"@type":"ListItem","position":2,"name":"Us\u0142ugi","item":"https:\/\/finoditax.com\/pl\/services\/"},{"@type":"ListItem","position":3,"name":"Dla firm transportowych","item":"https:\/\/finoditax.com\/pl\/services\/transport-companies\/"},{"@type":"ListItem","position":4,"name":"Wynajmij ci\u0105gnik z prawem kupna w Polsce | Wynajem naczep"}]},{"@type":"WebSite","@id":"https:\/\/finoditax.com\/pl\/#website","url":"https:\/\/finoditax.com\/pl\/","name":"Finoditax","description":"\u0411\u0443\u0445\u0433\u0430\u043b\u0442\u0435\u0440\u0438\u044f \u0438 \u043d\u0430\u043b\u043e\u0433\u0438 \u0434\u043b\u044f \u0431\u0438\u0437\u043d\u0435\u0441\u0430 \u0432 \u041f\u043e\u043b\u044c\u0448\u0435 | Finoditax","publisher":{"@id":"https:\/\/finoditax.com\/pl\/#organization"},"alternateName":"Finoditax sp. z o.o","potentialAction":[{"@type":"SearchAction","target":{"@type":"EntryPoint","urlTemplate":"https:\/\/finoditax.com\/pl\/?s={search_term_string}"},"query-input":{"@type":"PropertyValueSpecification","valueRequired":true,"valueName":"search_term_string"}}],"inLanguage":"pl-PL"},{"@type":"Organization","@id":"https:\/\/finoditax.com\/pl\/#organization","name":"Finoditax","alternateName":"Finoditax sp. z o.o","url":"https:\/\/finoditax.com\/pl\/","logo":{"@type":"ImageObject","inLanguage":"pl-PL","@id":"https:\/\/finoditax.com\/pl\/#\/schema\/logo\/image\/","url":"http:\/\/finoditax.com\/wp-content\/uploads\/2024\/07\/logo.webp","contentUrl":"http:\/\/finoditax.com\/wp-content\/uploads\/2024\/07\/logo.webp","width":915,"height":914,"caption":"Finoditax"},"image":{"@id":"https:\/\/finoditax.com\/pl\/#\/schema\/logo\/image\/"},"sameAs":["https:\/\/www.facebook.com\/finoditax","https:\/\/www.instagram.com\/finoditax\/","https:\/\/www.linkedin.com\/company\/finoditax\/"],"description":"Finoditax \u2714\ufe0f pe\u0142ny zakres us\u0142ug dla firm transportowych \u2714 \ufe0f gotowe rozwi\u0105zania i wsparcie ekspert\u00f3w \u27a5 zadzwo\u0144 +48 511 834 717","email":"info@finoditax.com","telephone":"+48511834717","legalName":"FINODITAX Sp. z o.o.","foundingDate":"2021-12-18","vatID":"NIP 9492250781","taxID":"KRS 0000927391","iso6523Code":"REGON 520225200","numberOfEmployees":{"@type":"QuantitativeValue","minValue":"51","maxValue":"200"},"publishingPrinciples":"https:\/\/finoditax.com\/privacy-policy\/","ownershipFundingInfo":"https:\/\/finoditax.com\/privacy-policy\/","actionableFeedbackPolicy":"https:\/\/finoditax.com\/privacy-policy\/","correctionsPolicy":"https:\/\/finoditax.com\/privacy-policy\/","ethicsPolicy":"https:\/\/finoditax.com\/privacy-policy\/","diversityPolicy":"https:\/\/finoditax.com\/privacy-policy\/","diversityStaffingReport":"https:\/\/finoditax.com\/privacy-policy\/"}]}},"_links":{"self":[{"href":"https:\/\/finoditax.com\/pl\/wp-json\/wp\/v2\/pages\/1306","targetHints":{"allow":["GET"]}}],"collection":[{"href":"https:\/\/finoditax.com\/pl\/wp-json\/wp\/v2\/pages"}],"about":[{"href":"https:\/\/finoditax.com\/pl\/wp-json\/wp\/v2\/types\/page"}],"author":[{"embeddable":true,"href":"https:\/\/finoditax.com\/pl\/wp-json\/wp\/v2\/users\/16"}],"replies":[{"embeddable":true,"href":"https:\/\/finoditax.com\/pl\/wp-json\/wp\/v2\/comments?post=1306"}],"version-history":[{"count":0,"href":"https:\/\/finoditax.com\/pl\/wp-json\/wp\/v2\/pages\/1306\/revisions"}],"up":[{"embeddable":true,"href":"https:\/\/finoditax.com\/pl\/wp-json\/wp\/v2\/pages\/1350"}],"wp:featuredmedia":[{"embeddable":true,"href":"https:\/\/finoditax.com\/pl\/wp-json\/wp\/v2\/media\/2643"}],"wp:attachment":[{"href":"https:\/\/finoditax.com\/pl\/wp-json\/wp\/v2\/media?parent=1306"}],"curies":[{"name":"wp","href":"https:\/\/api.w.org\/{rel}","templated":true}]}}