{"id":1274,"date":"2023-07-09T14:25:02","date_gmt":"2023-07-09T11:25:02","guid":{"rendered":"https:\/\/finoditax.com\/legalizacja-poswiadczenie-i-tlumaczenie-dokumentow\/"},"modified":"2025-01-23T14:36:54","modified_gmt":"2025-01-23T11:36:54","slug":"legalization-documents","status":"publish","type":"page","link":"https:\/\/finoditax.com\/pl\/services\/for-business\/legalization-documents\/","title":{"rendered":"Legalizacja, t\u0142umaczenie przysi\u0119g\u0142e, notarialne i apostille dokument\u00f3w w Polsce"},"content":{"rendered":"<p><span style=\"font-weight: 400;\">Zajmujemy si\u0119 legalizacj\u0105, uwierzytelnianiem i t\u0142umaczeniem dokument\u00f3w w Polsce. Us\u0142ugi te pozwalaj\u0105 uzyska\u0107 oficjalne uznanie i wa\u017cno\u015b\u0107 dokument\u00f3w zgodnie z polskimi wymogami prawnymi. Oto wi\u0119cej informacji na temat \u015bwiadczonych us\u0142ug:<\/span><\/p>\n<ol>\n<li style=\"font-weight: 400;\" aria-level=\"1\"><span style=\"font-weight: 400;\">Legalizacja dokument\u00f3w: Legalizacja dokument\u00f3w obejmuje proces uwierzytelniania dokument\u00f3w przed oficjalnymi organami w Polsce. Sprawdzamy i przygotowujemy dokumenty do przed\u0142o\u017cenia odpowiednim organom i upewniamy si\u0119, \u017ce s\u0105 one zgodne z prawem i uznane.<\/span><\/li>\n<li style=\"font-weight: 400;\" aria-level=\"1\"><span style=\"font-weight: 400;\">Uwierzytelnianie dokument\u00f3w: Uwierzytelnianie dokument\u00f3w to proces, w kt\u00f3rym dokumenty s\u0105 oficjalnie uwierzytelniane poprzez umieszczenie specjalnej piecz\u0119ci lub piecz\u0119ci notarialnej. \u015awiadczymy us\u0142ugi po\u015bwiadczania dokument\u00f3w, aby zapewni\u0107, \u017ce dokumenty s\u0105 oficjalne i uznawane w Polsce.<\/span><\/li>\n<li style=\"font-weight: 400;\" aria-level=\"1\"><span style=\"font-weight: 400;\">T\u0142umaczenie dokument\u00f3w: Oferujemy us\u0142ugi t\u0142umaczenia dokument\u00f3w na j\u0119zyk polski lub z j\u0119zyka polskiego na inne j\u0119zyki. Nasi do\u015bwiadczeni t\u0142umacze gwarantuj\u0105 dok\u0142adno\u015b\u0107 i profesjonalizm w t\u0142umaczeniu dokument\u00f3w zgodnie z wymogami i standardami obowi\u0105zuj\u0105cymi w Polsce.<\/span><\/li>\n<li style=\"font-weight: 400;\" aria-level=\"1\"><span style=\"font-weight: 400;\">Apostille: Apostille to proces, w kt\u00f3rym dokumenty otrzymuj\u0105 specjaln\u0105 piecz\u0119\u0107 (apostille) w celu potwierdzenia ich legalno\u015bci i uznania w innych krajach, kt\u00f3re s\u0105 stronami Konwencji Haskiej. Pomagamy w uzyskaniu apostille dla dokument\u00f3w, aby zapewni\u0107 ich uznawalno\u015b\u0107 poza granicami Polski.<\/span><\/li>\n<li style=\"font-weight: 400;\" aria-level=\"1\"><span style=\"font-weight: 400;\">Doradztwo i wsparcie: Zapewniamy porady i wskaz\u00f3wki dotycz\u0105ce ca\u0142ego procesu legalizacji, po\u015bwiadczania i t\u0142umaczenia dokument\u00f3w w Polsce. Nasz zesp\u00f3\u0142 ekspert\u00f3w mo\u017ce pom\u00f3c w zrozumieniu wymaga\u0144, przygotowaniu niezb\u0119dnych dokument\u00f3w i zapewnieniu pomy\u015blnego zako\u0144czenia procesu.<\/span><\/li>\n<\/ol>\n<p><span style=\"font-weight: 400;\">Gwarantujemy profesjonalizm, dok\u0142adno\u015b\u0107 i poufno\u015b\u0107 we wszystkich naszych us\u0142ugach zwi\u0105zanych z legalizacj\u0105, uwierzytelnianiem i t\u0142umaczeniem dokument\u00f3w w Polsce.<\/span><\/p>\n","protected":false},"excerpt":{"rendered":"<p><span class=\"excerpt-hellip\"> [\u2026]<\/span><\/p>\n","protected":false},"author":16,"featured_media":2579,"parent":1346,"menu_order":9,"comment_status":"closed","ping_status":"closed","template":"","meta":{"footnotes":""},"class_list":["post-1274","page","type-page","status-publish","has-post-thumbnail","hentry"],"yoast_head":"<!-- This site is optimized with the Yoast SEO Premium plugin v26.0 (Yoast SEO v27.3) - https:\/\/yoast.com\/product\/yoast-seo-premium-wordpress\/ -->\n<title>T\u0142umaczenia po\u015bwiadczone notarialnie w Polsce | Apostille<\/title>\n<meta name=\"description\" content=\"Pomoc w legalizacji dokument\u00f3w w Polsce \u27a4 Firma Finoditax \u2714\ufe0f T\u0142umaczenie \u2714\ufe0fprzysi\u0119g\u0142e Po\u015bwiadczenie \u2714\ufe0fnotarialne Apostille \u27a5 +48 511 834 717\" \/>\n<meta name=\"robots\" content=\"index, follow, max-snippet:-1, max-image-preview:large, max-video-preview:-1\" \/>\n<link rel=\"canonical\" href=\"https:\/\/finoditax.com\/pl\/services\/for-business\/legalization-documents\/\" \/>\n<meta property=\"og:locale\" content=\"pl_PL\" \/>\n<meta property=\"og:type\" content=\"article\" \/>\n<meta property=\"og:title\" content=\"Finoditax \u2014 \u0431\u0443\u0445\u0433\u0430\u043b\u0442\u0435\u0440\u0438\u044f \u0438 \u043d\u0430\u043b\u043e\u0433\u0438 \u0432 \u041f\u043e\u043b\u044c\u0448\u0435\" \/>\n<meta property=\"og:description\" content=\"\u041f\u043e\u043c\u043e\u0433\u0430\u0435\u043c \u043e\u0442\u043a\u0440\u044b\u0442\u044c \u0431\u0438\u0437\u043d\u0435\u0441 \u0432 \u041f\u043e\u043b\u044c\u0448\u0435, \u0432\u0435\u0434\u0451\u043c \u0431\u0443\u0445\u0433\u0430\u043b\u0442\u0435\u0440\u0438\u044e \u0438 \u043d\u0430\u043b\u043e\u0433\u0438 \u0434\u043b\u044f \u0444\u0438\u0440\u043c \u0438 \u0424\u041e\u041f. Finoditax \u2014 \u043d\u0430\u0434\u0451\u0436\u043d\u0430\u044f \u043f\u043e\u0434\u0434\u0435\u0440\u0436\u043a\u0430 \u0432 \u0434\u0435\u043b\u0430\u0445.\" \/>\n<meta property=\"og:url\" content=\"https:\/\/finoditax.com\/pl\/services\/for-business\/legalization-documents\/\" \/>\n<meta property=\"og:site_name\" content=\"Finoditax\" \/>\n<meta property=\"article:publisher\" content=\"https:\/\/www.facebook.com\/finoditax\" \/>\n<meta property=\"article:modified_time\" content=\"2025-01-23T11:36:54+00:00\" \/>\n<meta property=\"og:image\" content=\"http:\/\/finoditax.com\/wp-content\/uploads\/2024\/06\/\u041b\u0435\u0433\u0430\u043b\u0438\u0437\u0430\u0446\u0438\u044f_\u0438_\u0437\u0430\u0432\u0435\u0440\u0435\u043d\u0438\u0435_\u0434\u043e\u043a\u0443\u043c\u0435\u043d\u0442\u043e\u0432_\u0432_\u041f\u043e\u043b\u044c\u0448\u0435_Finoditax.webp\" \/>\n\t<meta property=\"og:image:width\" content=\"1024\" \/>\n\t<meta property=\"og:image:height\" content=\"1024\" \/>\n\t<meta property=\"og:image:type\" content=\"image\/webp\" \/>\n<meta name=\"twitter:card\" content=\"summary_large_image\" \/>\n<script type=\"application\/ld+json\" class=\"yoast-schema-graph\">{\"@context\":\"https:\\\/\\\/schema.org\",\"@graph\":[{\"@type\":\"WebPage\",\"@id\":\"https:\\\/\\\/finoditax.com\\\/pl\\\/services\\\/for-business\\\/legalization-documents\\\/\",\"url\":\"https:\\\/\\\/finoditax.com\\\/pl\\\/services\\\/for-business\\\/legalization-documents\\\/\",\"name\":\"T\u0142umaczenia po\u015bwiadczone notarialnie w Polsce | Apostille\",\"isPartOf\":{\"@id\":\"https:\\\/\\\/finoditax.com\\\/pl\\\/#website\"},\"primaryImageOfPage\":{\"@id\":\"https:\\\/\\\/finoditax.com\\\/pl\\\/services\\\/for-business\\\/legalization-documents\\\/#primaryimage\"},\"image\":{\"@id\":\"https:\\\/\\\/finoditax.com\\\/pl\\\/services\\\/for-business\\\/legalization-documents\\\/#primaryimage\"},\"thumbnailUrl\":\"https:\\\/\\\/finoditax.com\\\/wp-content\\\/uploads\\\/2024\\\/06\\\/\u041b\u0435\u0433\u0430\u043b\u0438\u0437\u0430\u0446\u0438\u044f_\u0438_\u0437\u0430\u0432\u0435\u0440\u0435\u043d\u0438\u0435_\u0434\u043e\u043a\u0443\u043c\u0435\u043d\u0442\u043e\u0432_\u0432_\u041f\u043e\u043b\u044c\u0448\u0435_Finoditax.webp\",\"datePublished\":\"2023-07-09T11:25:02+00:00\",\"dateModified\":\"2025-01-23T11:36:54+00:00\",\"description\":\"Pomoc w legalizacji dokument\u00f3w w Polsce \u27a4 Firma Finoditax \u2714\ufe0f T\u0142umaczenie \u2714\ufe0fprzysi\u0119g\u0142e Po\u015bwiadczenie \u2714\ufe0fnotarialne Apostille \u27a5 +48 511 834 717\",\"breadcrumb\":{\"@id\":\"https:\\\/\\\/finoditax.com\\\/pl\\\/services\\\/for-business\\\/legalization-documents\\\/#breadcrumb\"},\"inLanguage\":\"pl-PL\",\"potentialAction\":[{\"@type\":\"ReadAction\",\"target\":[\"https:\\\/\\\/finoditax.com\\\/pl\\\/services\\\/for-business\\\/legalization-documents\\\/\"]}]},{\"@type\":\"ImageObject\",\"inLanguage\":\"pl-PL\",\"@id\":\"https:\\\/\\\/finoditax.com\\\/pl\\\/services\\\/for-business\\\/legalization-documents\\\/#primaryimage\",\"url\":\"https:\\\/\\\/finoditax.com\\\/wp-content\\\/uploads\\\/2024\\\/06\\\/\u041b\u0435\u0433\u0430\u043b\u0438\u0437\u0430\u0446\u0438\u044f_\u0438_\u0437\u0430\u0432\u0435\u0440\u0435\u043d\u0438\u0435_\u0434\u043e\u043a\u0443\u043c\u0435\u043d\u0442\u043e\u0432_\u0432_\u041f\u043e\u043b\u044c\u0448\u0435_Finoditax.webp\",\"contentUrl\":\"https:\\\/\\\/finoditax.com\\\/wp-content\\\/uploads\\\/2024\\\/06\\\/\u041b\u0435\u0433\u0430\u043b\u0438\u0437\u0430\u0446\u0438\u044f_\u0438_\u0437\u0430\u0432\u0435\u0440\u0435\u043d\u0438\u0435_\u0434\u043e\u043a\u0443\u043c\u0435\u043d\u0442\u043e\u0432_\u0432_\u041f\u043e\u043b\u044c\u0448\u0435_Finoditax.webp\",\"width\":1024,\"height\":1024,\"caption\":\"\u041b\u0435\u0433\u0430\u043b\u0438\u0437\u0430\u0446\u0438\u044f \u0438 \u0437\u0430\u0432\u0435\u0440\u0435\u043d\u0438\u0435 \u0434\u043e\u043a\u0443\u043c\u0435\u043d\u0442\u043e\u0432 \u0432 \u041f\u043e\u043b\u044c\u0448\u0435\"},{\"@type\":\"BreadcrumbList\",\"@id\":\"https:\\\/\\\/finoditax.com\\\/pl\\\/services\\\/for-business\\\/legalization-documents\\\/#breadcrumb\",\"itemListElement\":[{\"@type\":\"ListItem\",\"position\":1,\"name\":\"Strona g\u0142\u00f3wna\",\"item\":\"https:\\\/\\\/finoditax.com\\\/pl\\\/\"},{\"@type\":\"ListItem\",\"position\":2,\"name\":\"Us\u0142ugi\",\"item\":\"https:\\\/\\\/finoditax.com\\\/pl\\\/services\\\/\"},{\"@type\":\"ListItem\",\"position\":3,\"name\":\"Dla biznesu\",\"item\":\"https:\\\/\\\/finoditax.com\\\/pl\\\/services\\\/for-business\\\/\"},{\"@type\":\"ListItem\",\"position\":4,\"name\":\"Legalizacja, t\u0142umaczenie przysi\u0119g\u0142e, notarialne i apostille dokument\u00f3w w Polsce\"}]},{\"@type\":\"WebSite\",\"@id\":\"https:\\\/\\\/finoditax.com\\\/pl\\\/#website\",\"url\":\"https:\\\/\\\/finoditax.com\\\/pl\\\/\",\"name\":\"Finoditax\",\"description\":\"\u0411\u0443\u0445\u0433\u0430\u043b\u0442\u0435\u0440\u0438\u044f \u0438 \u043d\u0430\u043b\u043e\u0433\u0438 \u0434\u043b\u044f \u0431\u0438\u0437\u043d\u0435\u0441\u0430 \u0432 \u041f\u043e\u043b\u044c\u0448\u0435 | Finoditax\",\"publisher\":{\"@id\":\"https:\\\/\\\/finoditax.com\\\/pl\\\/#organization\"},\"alternateName\":\"Finoditax sp. z o.o\",\"potentialAction\":[{\"@type\":\"SearchAction\",\"target\":{\"@type\":\"EntryPoint\",\"urlTemplate\":\"https:\\\/\\\/finoditax.com\\\/pl\\\/?s={search_term_string}\"},\"query-input\":{\"@type\":\"PropertyValueSpecification\",\"valueRequired\":true,\"valueName\":\"search_term_string\"}}],\"inLanguage\":\"pl-PL\"},{\"@type\":\"Organization\",\"@id\":\"https:\\\/\\\/finoditax.com\\\/pl\\\/#organization\",\"name\":\"Finoditax\",\"alternateName\":\"Finoditax sp. z o.o\",\"url\":\"https:\\\/\\\/finoditax.com\\\/pl\\\/\",\"logo\":{\"@type\":\"ImageObject\",\"inLanguage\":\"pl-PL\",\"@id\":\"https:\\\/\\\/finoditax.com\\\/pl\\\/#\\\/schema\\\/logo\\\/image\\\/\",\"url\":\"http:\\\/\\\/finoditax.com\\\/wp-content\\\/uploads\\\/2024\\\/07\\\/logo.webp\",\"contentUrl\":\"http:\\\/\\\/finoditax.com\\\/wp-content\\\/uploads\\\/2024\\\/07\\\/logo.webp\",\"width\":915,\"height\":914,\"caption\":\"Finoditax\"},\"image\":{\"@id\":\"https:\\\/\\\/finoditax.com\\\/pl\\\/#\\\/schema\\\/logo\\\/image\\\/\"},\"sameAs\":[\"https:\\\/\\\/www.facebook.com\\\/finoditax\",\"https:\\\/\\\/www.instagram.com\\\/finoditax\\\/\",\"https:\\\/\\\/www.linkedin.com\\\/company\\\/finoditax\\\/\"],\"description\":\"Finoditax \u2714\ufe0f pe\u0142ny zakres us\u0142ug dla firm transportowych \u2714 \ufe0f gotowe rozwi\u0105zania i wsparcie ekspert\u00f3w \u27a5 zadzwo\u0144 +48 511 834 717\",\"email\":\"info@finoditax.com\",\"telephone\":\"+48511834717\",\"legalName\":\"FINODITAX Sp. z o.o.\",\"foundingDate\":\"2021-12-18\",\"vatID\":\"NIP 9492250781\",\"taxID\":\"KRS 0000927391\",\"iso6523Code\":\"REGON 520225200\",\"numberOfEmployees\":{\"@type\":\"QuantitativeValue\",\"minValue\":\"51\",\"maxValue\":\"200\"},\"publishingPrinciples\":\"https:\\\/\\\/finoditax.com\\\/privacy-policy\\\/\",\"ownershipFundingInfo\":\"https:\\\/\\\/finoditax.com\\\/privacy-policy\\\/\",\"actionableFeedbackPolicy\":\"https:\\\/\\\/finoditax.com\\\/privacy-policy\\\/\",\"correctionsPolicy\":\"https:\\\/\\\/finoditax.com\\\/privacy-policy\\\/\",\"ethicsPolicy\":\"https:\\\/\\\/finoditax.com\\\/privacy-policy\\\/\",\"diversityPolicy\":\"https:\\\/\\\/finoditax.com\\\/privacy-policy\\\/\",\"diversityStaffingReport\":\"https:\\\/\\\/finoditax.com\\\/privacy-policy\\\/\"}]}<\/script>\n<!-- \/ Yoast SEO Premium plugin. -->","yoast_head_json":{"title":"T\u0142umaczenia po\u015bwiadczone notarialnie w Polsce | Apostille","description":"Pomoc w legalizacji dokument\u00f3w w Polsce \u27a4 Firma Finoditax \u2714\ufe0f T\u0142umaczenie \u2714\ufe0fprzysi\u0119g\u0142e Po\u015bwiadczenie \u2714\ufe0fnotarialne Apostille \u27a5 +48 511 834 717","robots":{"index":"index","follow":"follow","max-snippet":"max-snippet:-1","max-image-preview":"max-image-preview:large","max-video-preview":"max-video-preview:-1"},"canonical":"https:\/\/finoditax.com\/pl\/services\/for-business\/legalization-documents\/","og_locale":"pl_PL","og_type":"article","og_title":"Finoditax \u2014 \u0431\u0443\u0445\u0433\u0430\u043b\u0442\u0435\u0440\u0438\u044f \u0438 \u043d\u0430\u043b\u043e\u0433\u0438 \u0432 \u041f\u043e\u043b\u044c\u0448\u0435","og_description":"\u041f\u043e\u043c\u043e\u0433\u0430\u0435\u043c \u043e\u0442\u043a\u0440\u044b\u0442\u044c \u0431\u0438\u0437\u043d\u0435\u0441 \u0432 \u041f\u043e\u043b\u044c\u0448\u0435, \u0432\u0435\u0434\u0451\u043c \u0431\u0443\u0445\u0433\u0430\u043b\u0442\u0435\u0440\u0438\u044e \u0438 \u043d\u0430\u043b\u043e\u0433\u0438 \u0434\u043b\u044f \u0444\u0438\u0440\u043c \u0438 \u0424\u041e\u041f. Finoditax \u2014 \u043d\u0430\u0434\u0451\u0436\u043d\u0430\u044f \u043f\u043e\u0434\u0434\u0435\u0440\u0436\u043a\u0430 \u0432 \u0434\u0435\u043b\u0430\u0445.","og_url":"https:\/\/finoditax.com\/pl\/services\/for-business\/legalization-documents\/","og_site_name":"Finoditax","article_publisher":"https:\/\/www.facebook.com\/finoditax","article_modified_time":"2025-01-23T11:36:54+00:00","og_image":[{"width":1024,"height":1024,"url":"http:\/\/finoditax.com\/wp-content\/uploads\/2024\/06\/\u041b\u0435\u0433\u0430\u043b\u0438\u0437\u0430\u0446\u0438\u044f_\u0438_\u0437\u0430\u0432\u0435\u0440\u0435\u043d\u0438\u0435_\u0434\u043e\u043a\u0443\u043c\u0435\u043d\u0442\u043e\u0432_\u0432_\u041f\u043e\u043b\u044c\u0448\u0435_Finoditax.webp","type":"image\/webp"}],"twitter_card":"summary_large_image","schema":{"@context":"https:\/\/schema.org","@graph":[{"@type":"WebPage","@id":"https:\/\/finoditax.com\/pl\/services\/for-business\/legalization-documents\/","url":"https:\/\/finoditax.com\/pl\/services\/for-business\/legalization-documents\/","name":"T\u0142umaczenia po\u015bwiadczone notarialnie w Polsce | Apostille","isPartOf":{"@id":"https:\/\/finoditax.com\/pl\/#website"},"primaryImageOfPage":{"@id":"https:\/\/finoditax.com\/pl\/services\/for-business\/legalization-documents\/#primaryimage"},"image":{"@id":"https:\/\/finoditax.com\/pl\/services\/for-business\/legalization-documents\/#primaryimage"},"thumbnailUrl":"https:\/\/finoditax.com\/wp-content\/uploads\/2024\/06\/\u041b\u0435\u0433\u0430\u043b\u0438\u0437\u0430\u0446\u0438\u044f_\u0438_\u0437\u0430\u0432\u0435\u0440\u0435\u043d\u0438\u0435_\u0434\u043e\u043a\u0443\u043c\u0435\u043d\u0442\u043e\u0432_\u0432_\u041f\u043e\u043b\u044c\u0448\u0435_Finoditax.webp","datePublished":"2023-07-09T11:25:02+00:00","dateModified":"2025-01-23T11:36:54+00:00","description":"Pomoc w legalizacji dokument\u00f3w w Polsce \u27a4 Firma Finoditax \u2714\ufe0f T\u0142umaczenie \u2714\ufe0fprzysi\u0119g\u0142e Po\u015bwiadczenie \u2714\ufe0fnotarialne Apostille \u27a5 +48 511 834 717","breadcrumb":{"@id":"https:\/\/finoditax.com\/pl\/services\/for-business\/legalization-documents\/#breadcrumb"},"inLanguage":"pl-PL","potentialAction":[{"@type":"ReadAction","target":["https:\/\/finoditax.com\/pl\/services\/for-business\/legalization-documents\/"]}]},{"@type":"ImageObject","inLanguage":"pl-PL","@id":"https:\/\/finoditax.com\/pl\/services\/for-business\/legalization-documents\/#primaryimage","url":"https:\/\/finoditax.com\/wp-content\/uploads\/2024\/06\/\u041b\u0435\u0433\u0430\u043b\u0438\u0437\u0430\u0446\u0438\u044f_\u0438_\u0437\u0430\u0432\u0435\u0440\u0435\u043d\u0438\u0435_\u0434\u043e\u043a\u0443\u043c\u0435\u043d\u0442\u043e\u0432_\u0432_\u041f\u043e\u043b\u044c\u0448\u0435_Finoditax.webp","contentUrl":"https:\/\/finoditax.com\/wp-content\/uploads\/2024\/06\/\u041b\u0435\u0433\u0430\u043b\u0438\u0437\u0430\u0446\u0438\u044f_\u0438_\u0437\u0430\u0432\u0435\u0440\u0435\u043d\u0438\u0435_\u0434\u043e\u043a\u0443\u043c\u0435\u043d\u0442\u043e\u0432_\u0432_\u041f\u043e\u043b\u044c\u0448\u0435_Finoditax.webp","width":1024,"height":1024,"caption":"\u041b\u0435\u0433\u0430\u043b\u0438\u0437\u0430\u0446\u0438\u044f \u0438 \u0437\u0430\u0432\u0435\u0440\u0435\u043d\u0438\u0435 \u0434\u043e\u043a\u0443\u043c\u0435\u043d\u0442\u043e\u0432 \u0432 \u041f\u043e\u043b\u044c\u0448\u0435"},{"@type":"BreadcrumbList","@id":"https:\/\/finoditax.com\/pl\/services\/for-business\/legalization-documents\/#breadcrumb","itemListElement":[{"@type":"ListItem","position":1,"name":"Strona g\u0142\u00f3wna","item":"https:\/\/finoditax.com\/pl\/"},{"@type":"ListItem","position":2,"name":"Us\u0142ugi","item":"https:\/\/finoditax.com\/pl\/services\/"},{"@type":"ListItem","position":3,"name":"Dla biznesu","item":"https:\/\/finoditax.com\/pl\/services\/for-business\/"},{"@type":"ListItem","position":4,"name":"Legalizacja, t\u0142umaczenie przysi\u0119g\u0142e, notarialne i apostille dokument\u00f3w w Polsce"}]},{"@type":"WebSite","@id":"https:\/\/finoditax.com\/pl\/#website","url":"https:\/\/finoditax.com\/pl\/","name":"Finoditax","description":"\u0411\u0443\u0445\u0433\u0430\u043b\u0442\u0435\u0440\u0438\u044f \u0438 \u043d\u0430\u043b\u043e\u0433\u0438 \u0434\u043b\u044f \u0431\u0438\u0437\u043d\u0435\u0441\u0430 \u0432 \u041f\u043e\u043b\u044c\u0448\u0435 | Finoditax","publisher":{"@id":"https:\/\/finoditax.com\/pl\/#organization"},"alternateName":"Finoditax sp. z o.o","potentialAction":[{"@type":"SearchAction","target":{"@type":"EntryPoint","urlTemplate":"https:\/\/finoditax.com\/pl\/?s={search_term_string}"},"query-input":{"@type":"PropertyValueSpecification","valueRequired":true,"valueName":"search_term_string"}}],"inLanguage":"pl-PL"},{"@type":"Organization","@id":"https:\/\/finoditax.com\/pl\/#organization","name":"Finoditax","alternateName":"Finoditax sp. z o.o","url":"https:\/\/finoditax.com\/pl\/","logo":{"@type":"ImageObject","inLanguage":"pl-PL","@id":"https:\/\/finoditax.com\/pl\/#\/schema\/logo\/image\/","url":"http:\/\/finoditax.com\/wp-content\/uploads\/2024\/07\/logo.webp","contentUrl":"http:\/\/finoditax.com\/wp-content\/uploads\/2024\/07\/logo.webp","width":915,"height":914,"caption":"Finoditax"},"image":{"@id":"https:\/\/finoditax.com\/pl\/#\/schema\/logo\/image\/"},"sameAs":["https:\/\/www.facebook.com\/finoditax","https:\/\/www.instagram.com\/finoditax\/","https:\/\/www.linkedin.com\/company\/finoditax\/"],"description":"Finoditax \u2714\ufe0f pe\u0142ny zakres us\u0142ug dla firm transportowych \u2714 \ufe0f gotowe rozwi\u0105zania i wsparcie ekspert\u00f3w \u27a5 zadzwo\u0144 +48 511 834 717","email":"info@finoditax.com","telephone":"+48511834717","legalName":"FINODITAX Sp. z o.o.","foundingDate":"2021-12-18","vatID":"NIP 9492250781","taxID":"KRS 0000927391","iso6523Code":"REGON 520225200","numberOfEmployees":{"@type":"QuantitativeValue","minValue":"51","maxValue":"200"},"publishingPrinciples":"https:\/\/finoditax.com\/privacy-policy\/","ownershipFundingInfo":"https:\/\/finoditax.com\/privacy-policy\/","actionableFeedbackPolicy":"https:\/\/finoditax.com\/privacy-policy\/","correctionsPolicy":"https:\/\/finoditax.com\/privacy-policy\/","ethicsPolicy":"https:\/\/finoditax.com\/privacy-policy\/","diversityPolicy":"https:\/\/finoditax.com\/privacy-policy\/","diversityStaffingReport":"https:\/\/finoditax.com\/privacy-policy\/"}]}},"_links":{"self":[{"href":"https:\/\/finoditax.com\/pl\/wp-json\/wp\/v2\/pages\/1274","targetHints":{"allow":["GET"]}}],"collection":[{"href":"https:\/\/finoditax.com\/pl\/wp-json\/wp\/v2\/pages"}],"about":[{"href":"https:\/\/finoditax.com\/pl\/wp-json\/wp\/v2\/types\/page"}],"author":[{"embeddable":true,"href":"https:\/\/finoditax.com\/pl\/wp-json\/wp\/v2\/users\/16"}],"replies":[{"embeddable":true,"href":"https:\/\/finoditax.com\/pl\/wp-json\/wp\/v2\/comments?post=1274"}],"version-history":[{"count":0,"href":"https:\/\/finoditax.com\/pl\/wp-json\/wp\/v2\/pages\/1274\/revisions"}],"up":[{"embeddable":true,"href":"https:\/\/finoditax.com\/pl\/wp-json\/wp\/v2\/pages\/1346"}],"wp:featuredmedia":[{"embeddable":true,"href":"https:\/\/finoditax.com\/pl\/wp-json\/wp\/v2\/media\/2579"}],"wp:attachment":[{"href":"https:\/\/finoditax.com\/pl\/wp-json\/wp\/v2\/media?parent=1274"}],"curies":[{"name":"wp","href":"https:\/\/api.w.org\/{rel}","templated":true}]}}