{"id":1171,"date":"2023-07-09T23:41:02","date_gmt":"2023-07-09T20:41:02","guid":{"rendered":"https:\/\/finoditax.com\/zarejestruj-sie\/"},"modified":"2025-10-01T17:00:44","modified_gmt":"2025-10-01T14:00:44","slug":"register","status":"publish","type":"page","link":"https:\/\/finoditax.com\/pl\/register\/","title":{"rendered":"Zarejestrowa\u0107 si\u0119"},"content":{"rendered":"","protected":false},"excerpt":{"rendered":"","protected":false},"author":16,"featured_media":0,"parent":0,"menu_order":81,"comment_status":"closed","ping_status":"closed","template":"","meta":{"footnotes":""},"class_list":["post-1171","page","type-page","status-publish","hentry"],"yoast_head":"<!-- This site is optimized with the Yoast SEO Premium plugin v26.0 (Yoast SEO v27.2) - https:\/\/yoast.com\/product\/yoast-seo-premium-wordpress\/ -->\n<title>Zarejestrowa\u0107 si\u0119 w Polsce | Finoditax<\/title>\n<meta name=\"description\" content=\"Zarejestrowa\u0107 si\u0119 w Polsce \u27a4 firma Finoditax \u2714\ufe0f pe\u0142en zakres us\u0142ug dla firm transportowych \u2714 \ufe0f gotowe rozwi\u0105zania i fachowe wsparcie \u27a5 zadzwo\u0144 +48 511 834 717\" \/>\n<meta name=\"robots\" content=\"noindex, nofollow\" \/>\n<meta property=\"og:locale\" content=\"pl_PL\" \/>\n<meta property=\"og:type\" content=\"article\" \/>\n<meta property=\"og:title\" content=\"Finoditax \u2014 \u0431\u0443\u0445\u0433\u0430\u043b\u0442\u0435\u0440\u0438\u044f \u0438 \u043d\u0430\u043b\u043e\u0433\u0438 \u0432 \u041f\u043e\u043b\u044c\u0448\u0435\" \/>\n<meta property=\"og:description\" content=\"\u041f\u043e\u043c\u043e\u0433\u0430\u0435\u043c \u043e\u0442\u043a\u0440\u044b\u0442\u044c \u0431\u0438\u0437\u043d\u0435\u0441 \u0432 \u041f\u043e\u043b\u044c\u0448\u0435, \u0432\u0435\u0434\u0451\u043c \u0431\u0443\u0445\u0433\u0430\u043b\u0442\u0435\u0440\u0438\u044e \u0438 \u043d\u0430\u043b\u043e\u0433\u0438 \u0434\u043b\u044f \u0444\u0438\u0440\u043c \u0438 \u0424\u041e\u041f. Finoditax \u2014 \u043d\u0430\u0434\u0451\u0436\u043d\u0430\u044f \u043f\u043e\u0434\u0434\u0435\u0440\u0436\u043a\u0430 \u0432 \u0434\u0435\u043b\u0430\u0445.\" \/>\n<meta property=\"og:url\" content=\"https:\/\/finoditax.com\/pl\/register\/\" \/>\n<meta property=\"og:site_name\" content=\"Finoditax\" \/>\n<meta property=\"article:publisher\" content=\"https:\/\/www.facebook.com\/finoditax\" \/>\n<meta property=\"article:modified_time\" content=\"2025-10-01T14:00:44+00:00\" \/>\n<meta property=\"og:image\" content=\"https:\/\/finoditax.com\/wp-content\/uploads\/2024\/07\/logo.webp\" \/>\n\t<meta property=\"og:image:width\" content=\"915\" \/>\n\t<meta property=\"og:image:height\" content=\"914\" \/>\n\t<meta property=\"og:image:type\" content=\"image\/webp\" \/>\n<meta name=\"twitter:card\" content=\"summary_large_image\" \/>\n<script type=\"application\/ld+json\" class=\"yoast-schema-graph\">{\"@context\":\"https:\/\/schema.org\",\"@graph\":[{\"@type\":\"WebPage\",\"@id\":\"https:\/\/finoditax.com\/pl\/register\/\",\"url\":\"https:\/\/finoditax.com\/pl\/register\/\",\"name\":\"Zarejestrowa\u0107 si\u0119 w Polsce | Finoditax\",\"isPartOf\":{\"@id\":\"https:\/\/finoditax.com\/pl\/#website\"},\"datePublished\":\"2023-07-09T20:41:02+00:00\",\"dateModified\":\"2025-10-01T14:00:44+00:00\",\"description\":\"Zarejestrowa\u0107 si\u0119 w Polsce \u27a4 firma Finoditax \u2714\ufe0f pe\u0142en zakres us\u0142ug dla firm transportowych \u2714 \ufe0f gotowe rozwi\u0105zania i fachowe wsparcie \u27a5 zadzwo\u0144 +48 511 834 717\",\"breadcrumb\":{\"@id\":\"https:\/\/finoditax.com\/pl\/register\/#breadcrumb\"},\"inLanguage\":\"pl-PL\",\"potentialAction\":[{\"@type\":\"ReadAction\",\"target\":[\"https:\/\/finoditax.com\/pl\/register\/\"]}]},{\"@type\":\"BreadcrumbList\",\"@id\":\"https:\/\/finoditax.com\/pl\/register\/#breadcrumb\",\"itemListElement\":[{\"@type\":\"ListItem\",\"position\":1,\"name\":\"Strona g\u0142\u00f3wna\",\"item\":\"https:\/\/finoditax.com\/pl\/\"},{\"@type\":\"ListItem\",\"position\":2,\"name\":\"Zarejestrowa\u0107 si\u0119\"}]},{\"@type\":\"WebSite\",\"@id\":\"https:\/\/finoditax.com\/pl\/#website\",\"url\":\"https:\/\/finoditax.com\/pl\/\",\"name\":\"Finoditax\",\"description\":\"\u0411\u0443\u0445\u0433\u0430\u043b\u0442\u0435\u0440\u0438\u044f \u0438 \u043d\u0430\u043b\u043e\u0433\u0438 \u0434\u043b\u044f \u0431\u0438\u0437\u043d\u0435\u0441\u0430 \u0432 \u041f\u043e\u043b\u044c\u0448\u0435 | Finoditax\",\"publisher\":{\"@id\":\"https:\/\/finoditax.com\/pl\/#organization\"},\"alternateName\":\"Finoditax sp. z o.o\",\"potentialAction\":[{\"@type\":\"SearchAction\",\"target\":{\"@type\":\"EntryPoint\",\"urlTemplate\":\"https:\/\/finoditax.com\/pl\/?s={search_term_string}\"},\"query-input\":{\"@type\":\"PropertyValueSpecification\",\"valueRequired\":true,\"valueName\":\"search_term_string\"}}],\"inLanguage\":\"pl-PL\"},{\"@type\":\"Organization\",\"@id\":\"https:\/\/finoditax.com\/pl\/#organization\",\"name\":\"Finoditax\",\"alternateName\":\"Finoditax sp. z o.o\",\"url\":\"https:\/\/finoditax.com\/pl\/\",\"logo\":{\"@type\":\"ImageObject\",\"inLanguage\":\"pl-PL\",\"@id\":\"https:\/\/finoditax.com\/pl\/#\/schema\/logo\/image\/\",\"url\":\"http:\/\/finoditax.com\/wp-content\/uploads\/2024\/07\/logo.webp\",\"contentUrl\":\"http:\/\/finoditax.com\/wp-content\/uploads\/2024\/07\/logo.webp\",\"width\":915,\"height\":914,\"caption\":\"Finoditax\"},\"image\":{\"@id\":\"https:\/\/finoditax.com\/pl\/#\/schema\/logo\/image\/\"},\"sameAs\":[\"https:\/\/www.facebook.com\/finoditax\",\"https:\/\/www.instagram.com\/finoditax\/\",\"https:\/\/www.linkedin.com\/company\/finoditax\/\"],\"description\":\"Finoditax \u2714\ufe0f pe\u0142ny zakres us\u0142ug dla firm transportowych \u2714 \ufe0f gotowe rozwi\u0105zania i wsparcie ekspert\u00f3w \u27a5 zadzwo\u0144 +48 511 834 717\",\"email\":\"info@finoditax.com\",\"telephone\":\"+48511834717\",\"legalName\":\"FINODITAX Sp. z o.o.\",\"foundingDate\":\"2021-12-18\",\"vatID\":\"NIP 9492250781\",\"taxID\":\"KRS 0000927391\",\"iso6523Code\":\"REGON 520225200\",\"numberOfEmployees\":{\"@type\":\"QuantitativeValue\",\"minValue\":\"51\",\"maxValue\":\"200\"},\"publishingPrinciples\":\"https:\/\/finoditax.com\/privacy-policy\/\",\"ownershipFundingInfo\":\"https:\/\/finoditax.com\/privacy-policy\/\",\"actionableFeedbackPolicy\":\"https:\/\/finoditax.com\/privacy-policy\/\",\"correctionsPolicy\":\"https:\/\/finoditax.com\/privacy-policy\/\",\"ethicsPolicy\":\"https:\/\/finoditax.com\/privacy-policy\/\",\"diversityPolicy\":\"https:\/\/finoditax.com\/privacy-policy\/\",\"diversityStaffingReport\":\"https:\/\/finoditax.com\/privacy-policy\/\"}]}<\/script>\n<!-- \/ Yoast SEO Premium plugin. -->","yoast_head_json":{"title":"Zarejestrowa\u0107 si\u0119 w Polsce | Finoditax","description":"Zarejestrowa\u0107 si\u0119 w Polsce \u27a4 firma Finoditax \u2714\ufe0f pe\u0142en zakres us\u0142ug dla firm transportowych \u2714 \ufe0f gotowe rozwi\u0105zania i fachowe wsparcie \u27a5 zadzwo\u0144 +48 511 834 717","robots":{"index":"noindex","follow":"nofollow"},"og_locale":"pl_PL","og_type":"article","og_title":"Finoditax \u2014 \u0431\u0443\u0445\u0433\u0430\u043b\u0442\u0435\u0440\u0438\u044f \u0438 \u043d\u0430\u043b\u043e\u0433\u0438 \u0432 \u041f\u043e\u043b\u044c\u0448\u0435","og_description":"\u041f\u043e\u043c\u043e\u0433\u0430\u0435\u043c \u043e\u0442\u043a\u0440\u044b\u0442\u044c \u0431\u0438\u0437\u043d\u0435\u0441 \u0432 \u041f\u043e\u043b\u044c\u0448\u0435, \u0432\u0435\u0434\u0451\u043c \u0431\u0443\u0445\u0433\u0430\u043b\u0442\u0435\u0440\u0438\u044e \u0438 \u043d\u0430\u043b\u043e\u0433\u0438 \u0434\u043b\u044f \u0444\u0438\u0440\u043c \u0438 \u0424\u041e\u041f. Finoditax \u2014 \u043d\u0430\u0434\u0451\u0436\u043d\u0430\u044f \u043f\u043e\u0434\u0434\u0435\u0440\u0436\u043a\u0430 \u0432 \u0434\u0435\u043b\u0430\u0445.","og_url":"https:\/\/finoditax.com\/pl\/register\/","og_site_name":"Finoditax","article_publisher":"https:\/\/www.facebook.com\/finoditax","article_modified_time":"2025-10-01T14:00:44+00:00","og_image":[{"width":915,"height":914,"url":"https:\/\/finoditax.com\/wp-content\/uploads\/2024\/07\/logo.webp","type":"image\/webp"}],"twitter_card":"summary_large_image","schema":{"@context":"https:\/\/schema.org","@graph":[{"@type":"WebPage","@id":"https:\/\/finoditax.com\/pl\/register\/","url":"https:\/\/finoditax.com\/pl\/register\/","name":"Zarejestrowa\u0107 si\u0119 w Polsce | Finoditax","isPartOf":{"@id":"https:\/\/finoditax.com\/pl\/#website"},"datePublished":"2023-07-09T20:41:02+00:00","dateModified":"2025-10-01T14:00:44+00:00","description":"Zarejestrowa\u0107 si\u0119 w Polsce \u27a4 firma Finoditax \u2714\ufe0f pe\u0142en zakres us\u0142ug dla firm transportowych \u2714 \ufe0f gotowe rozwi\u0105zania i fachowe wsparcie \u27a5 zadzwo\u0144 +48 511 834 717","breadcrumb":{"@id":"https:\/\/finoditax.com\/pl\/register\/#breadcrumb"},"inLanguage":"pl-PL","potentialAction":[{"@type":"ReadAction","target":["https:\/\/finoditax.com\/pl\/register\/"]}]},{"@type":"BreadcrumbList","@id":"https:\/\/finoditax.com\/pl\/register\/#breadcrumb","itemListElement":[{"@type":"ListItem","position":1,"name":"Strona g\u0142\u00f3wna","item":"https:\/\/finoditax.com\/pl\/"},{"@type":"ListItem","position":2,"name":"Zarejestrowa\u0107 si\u0119"}]},{"@type":"WebSite","@id":"https:\/\/finoditax.com\/pl\/#website","url":"https:\/\/finoditax.com\/pl\/","name":"Finoditax","description":"\u0411\u0443\u0445\u0433\u0430\u043b\u0442\u0435\u0440\u0438\u044f \u0438 \u043d\u0430\u043b\u043e\u0433\u0438 \u0434\u043b\u044f \u0431\u0438\u0437\u043d\u0435\u0441\u0430 \u0432 \u041f\u043e\u043b\u044c\u0448\u0435 | Finoditax","publisher":{"@id":"https:\/\/finoditax.com\/pl\/#organization"},"alternateName":"Finoditax sp. z o.o","potentialAction":[{"@type":"SearchAction","target":{"@type":"EntryPoint","urlTemplate":"https:\/\/finoditax.com\/pl\/?s={search_term_string}"},"query-input":{"@type":"PropertyValueSpecification","valueRequired":true,"valueName":"search_term_string"}}],"inLanguage":"pl-PL"},{"@type":"Organization","@id":"https:\/\/finoditax.com\/pl\/#organization","name":"Finoditax","alternateName":"Finoditax sp. z o.o","url":"https:\/\/finoditax.com\/pl\/","logo":{"@type":"ImageObject","inLanguage":"pl-PL","@id":"https:\/\/finoditax.com\/pl\/#\/schema\/logo\/image\/","url":"http:\/\/finoditax.com\/wp-content\/uploads\/2024\/07\/logo.webp","contentUrl":"http:\/\/finoditax.com\/wp-content\/uploads\/2024\/07\/logo.webp","width":915,"height":914,"caption":"Finoditax"},"image":{"@id":"https:\/\/finoditax.com\/pl\/#\/schema\/logo\/image\/"},"sameAs":["https:\/\/www.facebook.com\/finoditax","https:\/\/www.instagram.com\/finoditax\/","https:\/\/www.linkedin.com\/company\/finoditax\/"],"description":"Finoditax \u2714\ufe0f pe\u0142ny zakres us\u0142ug dla firm transportowych \u2714 \ufe0f gotowe rozwi\u0105zania i wsparcie ekspert\u00f3w \u27a5 zadzwo\u0144 +48 511 834 717","email":"info@finoditax.com","telephone":"+48511834717","legalName":"FINODITAX Sp. z o.o.","foundingDate":"2021-12-18","vatID":"NIP 9492250781","taxID":"KRS 0000927391","iso6523Code":"REGON 520225200","numberOfEmployees":{"@type":"QuantitativeValue","minValue":"51","maxValue":"200"},"publishingPrinciples":"https:\/\/finoditax.com\/privacy-policy\/","ownershipFundingInfo":"https:\/\/finoditax.com\/privacy-policy\/","actionableFeedbackPolicy":"https:\/\/finoditax.com\/privacy-policy\/","correctionsPolicy":"https:\/\/finoditax.com\/privacy-policy\/","ethicsPolicy":"https:\/\/finoditax.com\/privacy-policy\/","diversityPolicy":"https:\/\/finoditax.com\/privacy-policy\/","diversityStaffingReport":"https:\/\/finoditax.com\/privacy-policy\/"}]}},"_links":{"self":[{"href":"https:\/\/finoditax.com\/pl\/wp-json\/wp\/v2\/pages\/1171","targetHints":{"allow":["GET"]}}],"collection":[{"href":"https:\/\/finoditax.com\/pl\/wp-json\/wp\/v2\/pages"}],"about":[{"href":"https:\/\/finoditax.com\/pl\/wp-json\/wp\/v2\/types\/page"}],"author":[{"embeddable":true,"href":"https:\/\/finoditax.com\/pl\/wp-json\/wp\/v2\/users\/16"}],"replies":[{"embeddable":true,"href":"https:\/\/finoditax.com\/pl\/wp-json\/wp\/v2\/comments?post=1171"}],"version-history":[{"count":0,"href":"https:\/\/finoditax.com\/pl\/wp-json\/wp\/v2\/pages\/1171\/revisions"}],"wp:attachment":[{"href":"https:\/\/finoditax.com\/pl\/wp-json\/wp\/v2\/media?parent=1171"}],"curies":[{"name":"wp","href":"https:\/\/api.w.org\/{rel}","templated":true}]}}